{"id":3064,"date":"2025-11-24T09:56:24","date_gmt":"2025-11-24T09:56:24","guid":{"rendered":"https:\/\/conisma.it\/holders-of-political-administrative-managerial-or-governmental-positions-referred-to-in-article-14-paragraph-1-bis-of-legislative-decree-no-33-2013\/"},"modified":"2026-04-03T13:29:47","modified_gmt":"2026-04-03T13:29:47","slug":"holders-of-political-administrative-managerial-or-governmental-positions-referred-to-in-article-14-paragraph-1-bis-of-legislative-decree-no-33-2013","status":"publish","type":"page","link":"https:\/\/conisma.it\/en\/holders-of-political-administrative-managerial-or-governmental-positions-referred-to-in-article-14-paragraph-1-bis-of-legislative-decree-no-33-2013\/","title":{"rendered":"Holders of political, administrative, managerial or governmental positions referred to in Article 14, paragraph 1-bis of Legislative Decree No.  33\/2013"},"content":{"rendered":"<div class=\"wpb-content-wrapper\"><p>[vc_row][vc_column]<h2 style=\"text-align:left;\" class=\"ts-custom-heading \" >Holders of political, administrative, management or government positions referred to in Article 14, paragraph 1-bis of Legislative Decree No. 33\/2013<\/h2>\n[\/vc_column][\/vc_row][vc_row][vc_column][vc_column_text css=&#8221;&#8221;]La governance CoNISMa \u00e8 affidata agli organi consortili previsti da&nbsp;<a href=\"https:\/\/conisma.it\/statuto\/\"><b>Statuto<\/b><\/a>. Le norme di funzionamento sono rinviate ad appositi&nbsp;<a href=\"https:\/\/conisma.it\/en\/regulations\/\"><b>regolamenti di esecuzione<\/b><\/a>&nbsp;previsti dallo Statuto.<\/p>\n<p><em>In ottemperanza al D.lsg n. 33 del 14.3.2013, si rende noto che&nbsp;per i singoli componenti del Consiglio Direttivo e della Giunta Amministrativa nonch\u00e8 per la carica di Presidente e di Vicepresidente non \u00e8 prevista alcuna retribuzione n\u00e8 riconoscimento di alcun gettone di presenza<\/em>[\/vc_column_text][\/vc_column][\/vc_row][vc_row][vc_column width=&#8221;1\/2&#8243;]<h2 style=\"text-align:left;\" class=\"ts-custom-heading \" >Presidente<\/h2>\n[vc_column_text css=&#8221;&#8221;]Prof. Michele Scardi \u2013 University of Rome \u201cTor Vergata\u201d<br \/>\nTerm expires: June 5, 2027[\/vc_column_text][\/vc_column][vc_column width=&#8221;1\/2&#8243;]<h2 style=\"text-align:left;\" class=\"ts-custom-heading \" >Vicepresidente<\/h2>\n[vc_column_text css=&#8221;&#8221;]<strong>Prof. Giorgio Budillon<\/strong>&nbsp; \u2013 Universit\u00e0 di Napoli \u201cParthenope\u201d<br \/>\nTerm expires: June 5, 2027[\/vc_column_text][\/vc_column][\/vc_row][vc_row][vc_column]<h2 style=\"text-align:left;\" class=\"ts-custom-heading \" >Director<\/h2>\n[\/vc_column][\/vc_row][vc_row][vc_column][vc_column_text css=&#8221;&#8221;]Al momento la carica di Direttore deve essere rinnovata[\/vc_column_text][\/vc_column][\/vc_row][vc_row][vc_column]<h2 style=\"text-align:left;\" class=\"ts-custom-heading \" >Administrative Council<\/h2>\n[\/vc_column][\/vc_row][vc_row][vc_column][vc_column_text css=&#8221;&#8221;]<strong>Prof. Giorgio Budillon<\/strong>&nbsp;\u2013 Universit\u00e0 di Napoli \u201cParthenope\u201d<br \/>\n<a href=\"https:\/\/conisma.it\/wp-content\/uploads\/2025\/11\/DICHIARAZIONE_Budillon.pdf\" target=\"_blank\" rel=\"noopener\">Dichiarazione di insussistenza di inconferibilit\u00e0 \/ incompatibilit\u00e0 (D.lgs 33\/2013)<\/a>.<\/p>\n<p><strong>Prof. Antonella Penna<\/strong>&nbsp;\u2013 Universit\u00e0 di Urbino<br \/>\n<a href=\"https:\/\/conisma.it\/wp-content\/uploads\/2025\/11\/DICHIARAZIONE_Penna.pdf\" target=\"_blank\" rel=\"noopener\">Dichiarazione di insussistenza di inconferibilit\u00e0 \/ incompatibilit\u00e0 (D.lgs 33\/2013)<\/a>.<\/p>\n<p><strong>Prof. Stefano Piraino<\/strong>&nbsp;\u2013 Universit\u00e0 del Salento<br \/>\n<a href=\"https:\/\/conisma.it\/wp-content\/uploads\/2025\/11\/DICHIARAZIONE_Piraino.pdf\" target=\"_blank\" rel=\"noopener\">Dichiarazione di insussistenza di inconferibilit\u00e0 \/ incompatibilit\u00e0 (D.lgs 33\/2013)<\/a>.<\/p>\n<p><strong>Prof. Michele Scardi<\/strong>&nbsp;\u2013 Universit\u00e0 di Roma \u201cTor Vergata\u201d<br \/>\n<a href=\"https:\/\/conisma.it\/wp-content\/uploads\/2025\/11\/DICHIARAZIONE_Scardi.pdf\" target=\"_blank\" rel=\"noopener\">Dichiarazione di insussistenza di inconferibilit\u00e0 \/ incompatibilit\u00e0 (D.lgs 33\/2013)<\/a>.<\/p>\n<p><strong>Prof. Salvatrice Vizzini<\/strong>&nbsp;\u2013 Universit\u00e0 degli Studi di Palermo<br \/>\n<a href=\"https:\/\/conisma.it\/wp-content\/uploads\/2025\/11\/DICHIARAZIONE_Vizzini.pdf\" target=\"_blank\" rel=\"noopener\">Dichiarazione di insussistenza di inconferibilit\u00e0 \/ incompatibilit\u00e0 (D.lgs 33\/2013)<\/a>.<\/p>\n<p><em>Scadenza mandato: 5\/6\/2027<\/em>[\/vc_column_text][\/vc_column][\/vc_row][vc_row][vc_column]<h2 style=\"text-align:left;\" class=\"ts-custom-heading \" ><a href=\"https:\/\/conisma.it\/wp-content\/uploads\/2025\/11\/DM-Consiglio-direttivo-CONISMA.02-05-2024.pdf\" target=\"_blank\">Consiglio Direttivo per il triennio 2024\/2027 (nominato con Decreto Ministeriale del 2\/5\/2024)<\/a><\/h2>\n[\/vc_column][\/vc_row][vc_row][vc_column][vc_column_text css=&#8221;&#8221;]<strong>Prof. Michele Mossa<\/strong>&nbsp;\u2013 Politecnico di Bari<br \/>\n<strong>Prof. Paco Meli\u00e0<\/strong>&nbsp;\u2013 Politecnico di Milano<br \/>\n<strong>Prof. Giuseppe Corriero<\/strong>&nbsp;\u2013 Univ. Bari \u201cAldo Moro\u201d<br \/>\n<strong>Prof. Michele Casini&nbsp;<\/strong>\u2013 Univ. di Bologna<br \/>\n<strong>Prof.ssa Maria Cristina Follesa<\/strong>&nbsp;\u2013 Univ. Cagliari<br \/>\n<strong>Prof. Francesco Aristodemo<\/strong>&nbsp;\u2013 Univ. della Calabria<br \/>\n<strong>Prof. Alessandro Francesco Palermo<\/strong>&nbsp;\u2013 Univ. Camerino<br \/>\n<strong>Prof. ssa Rossana Sanfilippo<\/strong>&nbsp;\u2013 Univ. Catania<br \/>\n<strong>Prof. Stefano Cannicci<\/strong>&nbsp;\u2013 Univ. Firenze<br \/>\n<strong>Prof. ssa Mariachiara Chiantore<\/strong>&nbsp;\u2013 Universit\u00e0 di Genova<br \/>\n<strong>Prof.ssa Antonia Granata<\/strong>&nbsp;\u2013 Univ. Messina<br \/>\n<strong>Prof. Daniela Basso<\/strong>&nbsp;\u2013 Univ. Milano \u201cBicocca\u201d<br \/>\n<strong>Prof. Roberto Simonini<\/strong>&nbsp;\u2013 Univ. Modena e Reggio Emilia<br \/>\n<strong>Prof. ssa Mari Bonaventura Forleo<\/strong>&nbsp;\u2013 Univ. Molise<br \/>\n<strong>Prof. Diego Vicinanza<\/strong>&nbsp;\u2013 Universit\u00e0 degli Studi della Campania Luigi Vanvitelli<br \/>\n<strong>Prof. Giorgio Budillon&nbsp;<\/strong>\u2013 Univ. Napoli \u201cParthenope\u201d<br \/>\n<strong>Prof. Olga Mangoni<\/strong>&nbsp;\u2013 Univ. di Napoli \u201cFederico II\u201d<br \/>\n<strong>Prof. Lorenzo Zane<\/strong>&nbsp;\u2013 Univ. Padova<br \/>\n<strong>Prof. ssa Salvatrice Vizzini<\/strong>&nbsp;\u2013 Univ. Palermo<br \/>\n<strong>Prof. Sandro Giovanni Longo<\/strong>&nbsp;\u2013 Univ. Parma<br \/>\n<strong>Prof. Alberto Castelli<\/strong>&nbsp;\u2013 Univ. Pisa<br \/>\n<strong>Prof. Felice Arena<\/strong>&nbsp;\u2013 Univ. Mediterranea di Reggio Calabria<br \/>\n<strong>Prof. Cecilia Maria Totti<\/strong>&nbsp;\u2013 Univ. Politecnica delle Marche<br \/>\n<strong>Prof. Francesco Latino Chiocci<\/strong>&nbsp;\u2013 \u201cSapienza\u201d Universit\u00e0 di Roma<br \/>\n<strong>Prof. Michele Scardi<\/strong>&nbsp;\u2013 Univ. Roma \u201cTor Vergata\u201d<br \/>\n<strong>Prof. Stefano Piraino<\/strong>&nbsp;\u2013 Univ. del Salento<br \/>\n<strong>Prof. Fabio Dentale<\/strong>&nbsp;\u2013 Univ. Salerno<br \/>\n<strong>Prof. Maria Rosaria Senatore<\/strong>&nbsp;\u2013 Univ. del Sannio<br \/>\n<strong>Prof. ssa Giulia Ceccherelli<\/strong>&nbsp;\u2013 Univ. di Sassari<br \/>\n<strong>Prof. Maria Cristina Fossi<\/strong>&nbsp;\u2013 Univ. Siena<br \/>\n<strong>Prof. ssa Elisabetta Giovanna Rosafio<\/strong>&nbsp;\u2013 Univ. Teramo<br \/>\n<strong>Prof. Carlo Fezzi&nbsp;<\/strong>\u2013 Univ. Trento<br \/>\n<strong>Prof. Monia Renzi<\/strong>&nbsp;\u2013 Univ. Trieste<br \/>\n<strong>Prof. Massimiliano Fenice<\/strong>&nbsp;\u2013 Univ. Viterbo \u201cLa Tuscia\u201d<br \/>\n<strong>Prof. Antonella Penna<\/strong>&nbsp;\u2013 Univ. Urbino<br \/>\n<strong>Prof. Angelo Rubino&nbsp;<\/strong>\u2013 Univ. Venezia \u201cCa Foscari\u201d<br \/>\n<strong>Dott. ssa Maria Alessandra Gallone<\/strong>&nbsp;\u2013 Ministero dell\u2019ambiente e della sicurezza energetica<br \/>\n<strong>Dott. ssa Patrizia Scarchilli<\/strong>&nbsp;\u2013 Ministero delle infrastrutture e dei trasporti<br \/>\n<b>Avv. Giovanni Lanciotti&nbsp;<\/b>\u2013 Ministero dell\u2019universit\u00e0 e della ricerca<br \/>\n<strong>Dott. Francesco Saverio Abate<\/strong>&nbsp;\u2013 Ministero dell\u2019agricoltura, della sovranit\u00e0 alimentare e delle foreste<\/p>\n<p><em>Term expires: May 2, 2027<\/em>[\/vc_column_text][\/vc_column][\/vc_row][vc_row][vc_column]<h2 style=\"text-align:left;\" class=\"ts-custom-heading \" ><a href=\"https:\/\/conisma.it\/wp-content\/uploads\/2025\/11\/DM-CdR-CoNISMa_2022-signed.pdf\" target=\"_blank\">Collegio dei Revisori dei Conti (nominato con Decreto Ministeriale del 20\/10\/2022)<\/a><\/h2>\n[\/vc_column][\/vc_row][vc_row][vc_column][vc_column_text css=&#8221;&#8221;]<strong>Dott. ssa Nadia Mosca (Presidente)<\/strong>&nbsp;\u2013 Ministero dell\u2019Economia e delle Finanze<br \/>\n<strong>Dott.ssa Elena Lo Fiego<\/strong>&nbsp;\u2013 Ministero dell\u2019Universit\u00e0 e Ricerca<br \/>\n<strong>Dott.ssa Roberta Sorace<\/strong>&nbsp;\u2013 Ministero dell\u2019Universit\u00e0 e Ricerca<\/p>\n<p>Alternate auditors:<\/p>\n<p><strong>Dott. Paolo Puletti<\/strong>&nbsp;\u2013&nbsp;Ministero dell\u2019Economia e delle Finanze<br \/>\n<strong>Dott.ssa Flavia Alice Romano<\/strong>&nbsp;\u2013 Ministero dell\u2019Universit\u00e0 e Ricerca<\/p>\n<p><em>Scadenza mandato: 19\/10\/2025<\/em>[\/vc_column_text][\/vc_column][\/vc_row]<\/p>\n<\/div>","protected":false},"excerpt":{"rendered":"<p>[vc_row][vc_column][\/vc_column][\/vc_row][vc_row][vc_column][vc_column_text css=&#8221;&#8221;]La governance CoNISMa \u00e8 affidata agli organi consortili previsti da&nbsp;Statuto. Le norme di funzionamento sono rinviate ad appositi&nbsp;regolamenti di esecuzione&nbsp;previsti dallo Statuto. In ottemperanza al D.lsg n. 33 del 14.3.2013, si rende noto che&nbsp;per i singoli componenti del Consiglio Direttivo e della Giunta Amministrativa nonch\u00e8 per la carica di Presidente e di Vicepresidente non &hellip; <a href=\"https:\/\/conisma.it\/en\/holders-of-political-administrative-managerial-or-governmental-positions-referred-to-in-article-14-paragraph-1-bis-of-legislative-decree-no-33-2013\/\" class=\"more-link\" title=\"Continue reading <span class=\"screen-reader-text\">Holders of political, administrative, managerial or governmental positions referred to in Article 14, paragraph 1-bis of Legislative Decree No.  33\/2013<\/span>&#8220;>Continue reading <span class=\"screen-reader-text\">Holders of political, administrative, managerial or governmental positions referred to in Article 14, paragraph 1-bis of Legislative Decree No.  33\/2013<\/span><\/a><\/p>\n","protected":false},"author":1,"featured_media":0,"parent":0,"menu_order":0,"comment_status":"closed","ping_status":"closed","template":"","meta":{"footnotes":""},"class_list":["post-3064","page","type-page","status-publish","hentry"],"_links":{"self":[{"href":"https:\/\/conisma.it\/en\/wp-json\/wp\/v2\/pages\/3064","targetHints":{"allow":["GET"]}}],"collection":[{"href":"https:\/\/conisma.it\/en\/wp-json\/wp\/v2\/pages"}],"about":[{"href":"https:\/\/conisma.it\/en\/wp-json\/wp\/v2\/types\/page"}],"author":[{"embeddable":true,"href":"https:\/\/conisma.it\/en\/wp-json\/wp\/v2\/users\/1"}],"replies":[{"embeddable":true,"href":"https:\/\/conisma.it\/en\/wp-json\/wp\/v2\/comments?post=3064"}],"version-history":[{"count":8,"href":"https:\/\/conisma.it\/en\/wp-json\/wp\/v2\/pages\/3064\/revisions"}],"predecessor-version":[{"id":4112,"href":"https:\/\/conisma.it\/en\/wp-json\/wp\/v2\/pages\/3064\/revisions\/4112"}],"wp:attachment":[{"href":"https:\/\/conisma.it\/en\/wp-json\/wp\/v2\/media?parent=3064"}],"curies":[{"name":"wp","href":"https:\/\/api.w.org\/{rel}","templated":true}]}}